{"id":42,"date":"2020-04-01T08:34:15","date_gmt":"2020-04-01T08:34:15","guid":{"rendered":"http:\/\/shikha74.dev.wcukdev.co.uk\/dev3\/norint\/?page_id=42"},"modified":"2021-12-17T11:03:54","modified_gmt":"2021-12-17T11:03:54","slug":"about-us","status":"publish","type":"page","link":"https:\/\/norint.pl\/es\/about-us\/","title":{"rendered":"Sobre Norint Sp. z o.o."},"content":{"rendered":"[vc_row][vc_column]<div class=\"ult-spacer spacer-69ebb0758ade8\" data-id=\"69ebb0758ade8\" data-height=\"10\" data-height-mobile=\"10\" data-height-tab=\"10\" data-height-tab-portrait=\"\" data-height-mobile-landscape=\"\" style=\"clear:both;display:block;\"><\/div><div class=\"ult-animation  ult-animate-viewport  ult-no-mobile \" data-animate=\"bounceInLeft\" data-animation-delay=\"0\" data-animation-duration=\"2\" data-animation-iteration=\"1\" style=\"opacity:0;\" data-opacity_start_effect=\"\"><div class='dt-sc-title script-with-sub-title '><h2>Sobre <strong>Norint Sp. z o.o.<\/strong><\/h2><h3><\/h3><\/div>[vc_column_text]NORINT Sp. z o. o. Somos una oficina de empleo especializada en la contrataci\u00f3n de empleados de la construcci\u00f3n, la automoci\u00f3n y la medicina para trabajos legales en Noruega. Proporcionamos empleo sobre la base de un contrato de trabajo que garantiza el seguro de salud y de accidentes necesario, as\u00ed como las prestaciones de jubilaci\u00f3n. Ayudamos en todas las etapas de la contrataci\u00f3n.[\/vc_column_text]<\/div>[\/vc_column][\/vc_row][vc_row][vc_column width=&#8221;1\/2&#8243;]<div class=\"ult-animation  ult-animate-viewport  ult-no-mobile \" data-animate=\"bounceInLeft\" data-animation-delay=\"0\" data-animation-duration=\"2\" data-animation-iteration=\"1\" style=\"opacity:0;\" data-opacity_start_effect=\"\">[vc_column_text]<strong>VALORES Norint <\/strong><\/p>\n<p>Nuestra empresa opera y desarrolla su actividad sobre la base de 4 valores:<\/p>\n<ol>\n<li>Las personas (candidatos, socios y empleados).<\/li>\n<li>Credibilidad.<\/li>\n<li>Profesionalidad.<\/li>\n<li>Compromiso.<\/li>\n<\/ol>\n<p>NORINT, como empresa, est\u00e1 formada por personas que trabajan para personas. Al mediar entre un solicitante de empleo comprometido y dispuesto, y un empleador noruego, entendemos las necesidades de ambas partes, haciendo todo lo posible para crear cooperaci\u00f3n y empleo. Somos responsables, abiertos y comunicativos en nuestro trabajo diario. Nuestro equipo internacional, aunque peque\u00f1o, se comunica a diario en tres idiomas: polaco, ingl\u00e9s y noruego.[\/vc_column_text]<\/div>[\/vc_column][vc_column width=&#8221;1\/2&#8243;]<div class=\"ult-animation  ult-animate-viewport  ult-no-mobile \" data-animate=\"bounceInLeft\" data-animation-delay=\"0\" data-animation-duration=\"2\" data-animation-iteration=\"1\" style=\"opacity:0;\" data-opacity_start_effect=\"\">[vc_single_image image=&#8221;222&#8243; img_size=&#8221;large&#8221;]<\/div>[\/vc_column][\/vc_row][vc_row][vc_column width=&#8221;1\/2&#8243;]<div class=\"ult-animation  ult-animate-viewport  ult-no-mobile \" data-animate=\"bounceInLeft\" data-animation-delay=\"0\" data-animation-duration=\"2\" data-animation-iteration=\"1\" style=\"opacity:0;\" data-opacity_start_effect=\"\">[vc_column_text]<strong>MISI\u00d3N<\/strong> Norint<\/p>\n<p>La misi\u00f3n de Norint establece objetivos a largo plazo para aquellos a los que servimos: nuestros clientes, nuestros socios y nuestros empleados, que son el coraz\u00f3n de la empresa.<\/p>\n<p>Gracias a nuestra experiencia, conocimientos y apertura a la cooperaci\u00f3n, llevamos a cabo con \u00e9xito todo el proceso de contrataci\u00f3n de candidatos, ofreciendo a los demandantes de empleo las mejores condiciones de trabajo (ofrecidas por los clientes\/empleadores noruegos) disponibles en el mercado y comprometi\u00e9ndonos en condiciones claras.<\/p>\n<p>Respetamos el tiempo y las necesidades de nuestros clientes. Mediante una estrecha colaboraci\u00f3n y un r\u00e1pido proceso de contrataci\u00f3n, encontramos los mejores candidatos disponibles en el mercado laboral.[\/vc_column_text]<\/div>[\/vc_column][vc_column width=&#8221;1\/2&#8243;]<div class=\"ult-animation  ult-animate-viewport  ult-no-mobile \" data-animate=\"bounceInLeft\" data-animation-delay=\"0\" data-animation-duration=\"2\" data-animation-iteration=\"1\" style=\"opacity:0;\" data-opacity_start_effect=\"\">[vc_column_text]<strong>VISI\u00d3N<\/strong> Norint<\/p>\n<p>Nuestra visi\u00f3n es ser un l\u00edder polaco en el \u00e1rea de la intermediaci\u00f3n laboral en el mercado de trabajo en Escandinavia y Europa Occidental. Cada d\u00eda, trabajando como un equipo internacional, entendemos las necesidades de los candidatos que buscan empleo y de nuestros clientes, respondemos con flexibilidad a las necesidades cambiantes del mercado.[\/vc_column_text]<\/div>[\/vc_column][\/vc_row][vc_row][vc_column]<div class=\"ult-animation  ult-animate-viewport  ult-no-mobile \" data-animate=\"bounceInLeft\" data-animation-delay=\"0\" data-animation-duration=\"2\" data-animation-iteration=\"1\" style=\"opacity:0;\" data-opacity_start_effect=\"\">[vc_single_image image=&#8221;790&#8243; img_size=&#8221;full&#8221;]<\/div>[\/vc_column][\/vc_row][vc_row][vc_column]<div class=\"ult-animation  ult-animate-viewport  ult-no-mobile \" data-animate=\"bounceInLeft\" data-animation-delay=\"0\" data-animation-duration=\"2\" data-animation-iteration=\"1\" style=\"opacity:0;\" data-opacity_start_effect=\"\">[vc_text_separator title=&#8221;RGPD&#8221; color=&#8221;custom&#8221; accent_color=&#8221;#ff0000&#8243;][vc_column_text]<strong>El administrador de los Datos Personales (en adelante el Administrador) es Norint Sp. z o. o., con sede en Mizerna 16, 34-440 Kluszkowce, n\u00famero de identificaci\u00f3n fiscal NIP: 7352871737<\/strong>[\/vc_column_text]<\/div>[\/vc_column][\/vc_row][vc_row][vc_column width=&#8221;1\/2&#8243;][vc_column_text]<strong>Con qu\u00e9 finalidad tratamos los datos personales:<\/strong><\/p>\n<p>\u25a0 Para realizar gestiones previas a la celebraci\u00f3n del contrato y para celebrar y ejecutar el contrato,<\/p>\n<p>\u25a0 Para fines informativos y de marketing solo sobre la base del consentimiento de acuerdo con el contenido del consentimiento dado.<\/p>\n<p>\u25a0 Para proteger contra amenazas externas e internas (aumentar la seguridad de los empleados y la seguridad tecnol\u00f3gica)<\/p>\n<p>\u25a0 Para contratar empleados y llevar a cabo procesos de contrataci\u00f3n[\/vc_column_text][\/vc_column][vc_column width=&#8221;1\/2&#8243;][vc_column_text]<strong>Durante cu\u00e1nto tiempo procesamos los datos personales:<\/strong><\/p>\n<p>En funci\u00f3n de la finalidad del tratamiento, los datos personales se almacenar\u00e1n<\/p>\n<p>\u25a0 Durante la duraci\u00f3n del contrato y despu\u00e9s de su finalizaci\u00f3n para cumplir con la obligaci\u00f3n legal que le corresponde al Administrador,<\/p>\n<p>\u25a0 Durante un periodo coherente con la legislaci\u00f3n aplicable<\/p>\n<p>\u25a0 Y en el caso de fines legalmente justificados del Administrador, incluidas las ventas y el marketing directo, hasta que el interesado retire su consentimiento.[\/vc_column_text][\/vc_column][\/vc_row][vc_row][vc_column width=&#8221;1\/2&#8243;][vc_column_text]<strong>A qui\u00e9n confiamos y con qui\u00e9n compartimos los datos personales:<\/strong><\/p>\n<p>Los datos personales de los clientes de la Oficina de Empleo obtenidos pueden ponerse a disposici\u00f3n de empleadores, empresas que prestan servicios de transporte en el caso de la reserva de billetes de avi\u00f3n y tren, etc., operadores postales, empresas de mensajer\u00eda, entidades que prestan servicios de consultor\u00eda de Norint Sp. z o. o., organismos encargados de hacer cumplir la ley.<\/p>\n<p>Podemos confiar los datos personales para su tratamiento en nuestro nombre a entidades que nos prestan servicios de apoyo, por ejemplo, el alojamiento de sitios web, el env\u00edo de un bolet\u00edn informativo, la prestaci\u00f3n de servicios de contabilidad, servicios jur\u00eddicos y servicios de apoyo a nuestros sistemas inform\u00e1ticos.[\/vc_column_text][\/vc_column][vc_column width=&#8221;1\/2&#8243;][vc_column_text]<strong>Derechos de la persona cuyos datos tratamos: <\/strong><\/p>\n<p>Una persona f\u00edsica tiene derecho a acceder a sus datos personales y a rectificar, eliminar, limitar el tratamiento, derecho a la transferencia de datos, derecho de oposici\u00f3n, derecho a retirar el consentimiento en cualquier momento.<\/p>\n<p>Una persona f\u00edsica tiene derecho a presentar una reclamaci\u00f3n ante la Oficina de Protecci\u00f3n de Datos Personales, si considera que el tratamiento de sus datos personales infringe las disposiciones del Reglamento (UE) 2016\/679 del Parlamento Europeo y del Consejo, de 27 de abril de 2016, relativo a la protecci\u00f3n de las personas f\u00edsicas en lo que respecta al tratamiento de datos personales y a la libre circulaci\u00f3n de estos datos y por el que se deroga la Directiva 95\/46 \/ CE (Reglamento general de protecci\u00f3n de datos) (Diario Oficial UE L 119 de 4 de mayo de 2016).[\/vc_column_text][\/vc_column][\/vc_row]\n","protected":false},"excerpt":{"rendered":"<p>[vc_row][vc_column][\/vc_column][\/vc_row][vc_row][vc_column width=&#8221;1\/2&#8243;][\/vc_column][vc_column width=&#8221;1\/2&#8243;][\/vc_column][\/vc_row][vc_row][vc_column width=&#8221;1\/2&#8243;][\/vc_column][vc_column width=&#8221;1\/2&#8243;][\/vc_column][\/vc_row][vc_row][vc_column][\/vc_column][\/vc_row][vc_row][vc_column][\/vc_column][\/vc_row][vc_row][vc_column width=&#8221;1\/2&#8243;][vc_column_text]Con qu\u00e9 finalidad tratamos los datos personales: \u25a0 Para realizar gestiones previas a la celebraci\u00f3n del contrato y para celebrar y ejecutar el contrato, \u25a0 Para fines informativos y de marketing solo sobre la base del consentimiento de acuerdo con el contenido del consentimiento dado. \u25a0 Para proteger contra amenazas&hellip;<\/p>\n","protected":false},"author":1,"featured_media":0,"parent":0,"menu_order":0,"comment_status":"closed","ping_status":"closed","template":"","meta":{"footnotes":""},"class_list":["post-42","page","type-page","status-publish","hentry"],"_links":{"self":[{"href":"https:\/\/norint.pl\/es\/wp-json\/wp\/v2\/pages\/42","targetHints":{"allow":["GET"]}}],"collection":[{"href":"https:\/\/norint.pl\/es\/wp-json\/wp\/v2\/pages"}],"about":[{"href":"https:\/\/norint.pl\/es\/wp-json\/wp\/v2\/types\/page"}],"author":[{"embeddable":true,"href":"https:\/\/norint.pl\/es\/wp-json\/wp\/v2\/users\/1"}],"replies":[{"embeddable":true,"href":"https:\/\/norint.pl\/es\/wp-json\/wp\/v2\/comments?post=42"}],"version-history":[{"count":6,"href":"https:\/\/norint.pl\/es\/wp-json\/wp\/v2\/pages\/42\/revisions"}],"predecessor-version":[{"id":1148,"href":"https:\/\/norint.pl\/es\/wp-json\/wp\/v2\/pages\/42\/revisions\/1148"}],"wp:attachment":[{"href":"https:\/\/norint.pl\/es\/wp-json\/wp\/v2\/media?parent=42"}],"curies":[{"name":"wp","href":"https:\/\/api.w.org\/{rel}","templated":true}]}}