{"id":499,"date":"2021-01-11T14:43:57","date_gmt":"2021-01-11T14:43:57","guid":{"rendered":"https:\/\/norint.pl\/new_site\/?page_id=499"},"modified":"2021-12-17T15:43:32","modified_gmt":"2021-12-17T15:43:32","slug":"health-care-workers","status":"publish","type":"page","link":"https:\/\/norint.pl\/es\/health-care-workers\/","title":{"rendered":"Trabajar de enfermero"},"content":{"rendered":"[vc_row][vc_column][vc_column_text][\/vc_column_text]<div class=\"ult-spacer spacer-69fb61a158a95\" data-id=\"69fb61a158a95\" data-height=\"20\" data-height-mobile=\"10\" data-height-tab=\"10\" data-height-tab-portrait=\"10\" data-height-mobile-landscape=\"10\" style=\"clear:both;display:block;\"><\/div>[\/vc_column][\/vc_row][vc_row][vc_column width=\u201d1\/2\u2033]<div class=\"ult-animation  ult-animate-viewport  ult-no-mobile \" data-animate=\"bounceInLeft\" data-animation-delay=\"0\" data-animation-duration=\"2\" data-animation-iteration=\"1\" style=\"opacity:0;\" data-opacity_start_effect=\"\"><div class='dt-sc-title script-with-sub-title '><h2>Trabajar de enfermero\/a <strong> en Noruega<strong><\/h2><h3><\/h3><\/div>[vc_column_text]Trabajando conjuntamente con enfermeros y enfermeras de Polonia durante m\u00e1s de 7 a\u00f1os, hemos ayudado a ellos, as\u00ed como a sus familias, a desarrollarse en Noruega. D\u00e1ndoles tanto a ellos como a sus familias una excelente oportunidad de desarrollo personal y profesional. Nos enorgullecemos de cuidar el desarrollo de su empleo en Noruega, gui\u00e1ndole en cada paso del camino, desde el primer contacto con nosotros, la adaptaci\u00f3n a un nuevo estilo de vida, la b\u00fasqueda de alojamiento, hasta la adaptaci\u00f3n a su nuevo entorno de trabajo.<\/strong><\/strong><\/p>\n<p>Le proporcionaremos una ruta clara y directa hacia el empleo en Noruega, empezando por el proceso de contrataci\u00f3n. Una vez que haya sido aceptado por su futuro empleador y est\u00e9 listo para proceder, podr\u00e1 comenzar a aprender noruego en uno de nuestros cursos intensivos de idiomas. Durante este tiempo, nuestro equipo se encargar\u00e1 de gestionar todos los documentos necesarios para que pueda trabajar como enfermero\/a en Noruega, de buscarle alojamiento y de preparar su llegada a Noruega.[\/vc_column_text]<\/div>[\/vc_column][vc_column width=\u201d1\/2\u2033]<div class=\"ult-animation  ult-animate-viewport  ult-no-mobile \" data-animate=\"bounceInLeft\" data-animation-delay=\"0\" data-animation-duration=\"2\" data-animation-iteration=\"1\" style=\"opacity:0;\" data-opacity_start_effect=\"\"><div class=\"ult-spacer spacer-69fb61a158bea\" data-id=\"69fb61a158bea\" data-height=\"20\" data-height-mobile=\"10\" data-height-tab=\"10\" data-height-tab-portrait=\"10\" data-height-mobile-landscape=\"10\" style=\"clear:both;display:block;\"><\/div>[vc_column_text]<div class=\"align wp-block-svp-video-player\" id='svpVideoPlayer-1' data-attributes='{&quot;align&quot;:&quot;&quot;,&quot;options&quot;:{&quot;controls&quot;:{&quot;play-large&quot;:true,&quot;restart&quot;:true,&quot;rewind&quot;:true,&quot;play&quot;:true,&quot;fast-forward&quot;:true,&quot;progress&quot;:true,&quot;current-time&quot;:true,&quot;mute&quot;:true,&quot;volume&quot;:true,&quot;captions&quot;:true,&quot;settings&quot;:true,&quot;pip&quot;:true,&quot;download&quot;:true,&quot;fullscreen&quot;:true},&quot;autoPlay&quot;:true,&quot;clickToPlay&quot;:true,&quot;muted&quot;:false,&quot;volume&quot;:0.5,&quot;seekTime&quot;:10,&quot;repeat&quot;:true,&quot;isAutoNextVideo&quot;:false,&quot;toolTip&quot;:true,&quot;isControl&quot;:true,&quot;shadowControl&quot;:true},&quot;videos&quot;:[{&quot;src&quot;:&quot;https:\\\/\\\/norint.pl\\\/wp-content\\\/uploads\\\/2021\\\/12\\\/nurse-and-lady-walking.mp4&quot;,&quot;title&quot;:&quot;type your video title here&quot;,&quot;poster&quot;:&quot;&quot;,&quot;description&quot;:&quot;Don\\u2019t forget to like, comment, and subscribe for more fun episodes!&quot;,&quot;customDownloadButton&quot;:false,&quot;isCustomTitle&quot;:false,&quot;customDownloadUrl&quot;:&quot;&quot;,&quot;qualities&quot;:[],&quot;captions&quot;:[]}],&quot;videoSize&quot;:{&quot;width&quot;:{&quot;desktop&quot;:&quot;100%&quot;,&quot;tablet&quot;:&quot;100%&quot;,&quot;mobile&quot;:&quot;100%&quot;},&quot;height&quot;:{&quot;desktop&quot;:&quot;&quot;,&quot;tablet&quot;:&quot;&quot;,&quot;mobile&quot;:&quot;&quot;}},&quot;thumbnailSize&quot;:{&quot;width&quot;:{&quot;desktop&quot;:&quot;100%&quot;,&quot;tablet&quot;:&quot;100%&quot;,&quot;mobile&quot;:&quot;100%&quot;},&quot;height&quot;:{&quot;desktop&quot;:&quot;82px&quot;,&quot;tablet&quot;:&quot;&quot;,&quot;mobile&quot;:&quot;&quot;}},&quot;playlist&quot;:false,&quot;themes&quot;:{&quot;theme&quot;:&quot;default&quot;},&quot;tabStyles&quot;:{&quot;activeBg&quot;:&quot;#334155&quot;,&quot;activeTitleColor&quot;:&quot;#fff&quot;,&quot;activeDesColor&quot;:&quot;#fff&quot;,&quot;inactiveBg&quot;:&quot;#F0F5FA&quot;,&quot;inactiveTitleColor&quot;:&quot;#3D8D7A&quot;,&quot;inactiveDesColor&quot;:&quot;#585a5c&quot;,&quot;durationTimeColor&quot;:&quot;#fff&quot;,&quot;durationBg&quot;:&quot;#000&quot;},&quot;captionstyles&quot;:{&quot;color&quot;:&quot;#ffffff&quot;,&quot;bg&quot;:&quot;rgba(0,0,0,0.7)&quot;},&quot;captionTypo&quot;:{&quot;fontSize&quot;:{&quot;desktop&quot;:&quot;18px&quot;,&quot;tablet&quot;:&quot;18px&quot;,&quot;mobile&quot;:&quot;18px&quot;},&quot;fontFamily&quot;:&quot;inherit&quot;,&quot;lineHeight&quot;:&quot;1.4&quot;,&quot;fontWeight&quot;:&quot;400&quot;,&quot;textTransform&quot;:&quot;none&quot;},&quot;titleTypo&quot;:{&quot;fontSize&quot;:{&quot;desktop&quot;:15,&quot;tablet&quot;:13,&quot;mobile&quot;:12}},&quot;descriptionTypo&quot;:{&quot;fontSize&quot;:{&quot;desktop&quot;:14,&quot;tablet&quot;:12,&quot;mobile&quot;:10}},&quot;durationTypo&quot;:{&quot;fontSize&quot;:{&quot;desktop&quot;:14,&quot;tablet&quot;:12,&quot;mobile&quot;:10}},&quot;viewersTypo&quot;:{&quot;fontSize&quot;:{&quot;desktop&quot;:14,&quot;tablet&quot;:12,&quot;mobile&quot;:10}},&quot;alignment&quot;:&quot;center&quot;,&quot;textAlign&quot;:&quot;center&quot;,&quot;background&quot;:{&quot;color&quot;:&quot;#0000&quot;},&quot;scrollBg&quot;:&quot;#3D8D7A&quot;,&quot;content&quot;:&quot;Content of the block&quot;,&quot;typography&quot;:{&quot;fontSize&quot;:20},&quot;color&quot;:&quot;#333&quot;,&quot;colors&quot;:{&quot;color&quot;:&quot;#333&quot;,&quot;bg&quot;:&quot;#fff&quot;},&quot;img&quot;:{&quot;id&quot;:null,&quot;url&quot;:&quot;&quot;,&quot;alt&quot;:&quot;&quot;,&quot;title&quot;:&quot;&quot;},&quot;padding&quot;:{&quot;top&quot;:&quot;15px&quot;,&quot;right&quot;:&quot;30px&quot;,&quot;bottom&quot;:&quot;15px&quot;,&quot;left&quot;:&quot;30px&quot;},&quot;margin&quot;:{&quot;top&quot;:&quot;0px&quot;,&quot;right&quot;:&quot;0px&quot;,&quot;bottom&quot;:&quot;15px&quot;,&quot;left&quot;:&quot;0px&quot;},&quot;border&quot;:{&quot;width&quot;:&quot;0px&quot;,&quot;style&quot;:&quot;solid&quot;,&quot;color&quot;:&quot;#000000&quot;,&quot;radius&quot;:&quot;0px&quot;},&quot;shadow&quot;:[],&quot;layout&quot;:&quot;vertical&quot;}'><\/div>[\/vc_column_text]<\/div>[\/vc_column][\/vc_row][vc_row][vc_column][vc_text_separator title=\u201d\u201d i_color=\u201dcustom\u201d color=\u201dcustom\u201d style=\u201ddouble\u201d add_icon=\u201dtrue\u201d accent_color=\u201d#ff0000\u2033 i_custom_color=\u201d#ff0000\u2033][\/vc_column][\/vc_row][vc_row css_animation=\u201dfadeInLeft\u201d][vc_column width=\u201d1\/3\u2033]<div class=\"ult-animation  ult-animate-viewport  ult-no-mobile \" data-animate=\"bounceInLeft\" data-animation-delay=\"0\" data-animation-duration=\"2\" data-animation-iteration=\"1\" style=\"opacity:0;\" data-opacity_start_effect=\"\"><div class='dt-sc-image-caption type3 aligncenter'><div class='dt-sc-image-wrapper'><a href=\"https:\/\/norint.pl\/en\/recruitment-nurses\/\" alt=\"Read More\" title=\"Read More\"><img loading=\"lazy\" decoding=\"async\" width=\"2560\" height=\"1706\" src=\"https:\/\/norint.pl\/es\/wp-content\/uploads\/sites\/4\/2021\/01\/recruitment-scaled-1.jpg\" class=\"attachment-full\" alt=\"\" srcset=\"https:\/\/norint.pl\/es\/wp-content\/uploads\/sites\/4\/2021\/01\/recruitment-scaled-1.jpg 2560w, https:\/\/norint.pl\/es\/wp-content\/uploads\/sites\/4\/2021\/01\/recruitment-scaled-1-300x200.jpg 300w, https:\/\/norint.pl\/es\/wp-content\/uploads\/sites\/4\/2021\/01\/recruitment-scaled-1-1024x682.jpg 1024w, https:\/\/norint.pl\/es\/wp-content\/uploads\/sites\/4\/2021\/01\/recruitment-scaled-1-768x512.jpg 768w, https:\/\/norint.pl\/es\/wp-content\/uploads\/sites\/4\/2021\/01\/recruitment-scaled-1-1536x1024.jpg 1536w, https:\/\/norint.pl\/es\/wp-content\/uploads\/sites\/4\/2021\/01\/recruitment-scaled-1-2048x1365.jpg 2048w\" sizes=\"auto, (max-width: 2560px) 100vw, 2560px\" \/><div class='icon-wrapper'><span class='zmdi zmdi-search-in-file zmdi-hc-fw'> <\/span><\/div><\/div><\/a><div class='dt-sc-image-content'><div class='dt-sc-image-title'><a href=\"https:\/\/norint.pl\/en\/recruitment-nurses\/\" alt=\"Read More\" title=\"Read More\"><h3>Contrataci\u00f3n<\/h3><\/a><\/div><div class=\"et_pb_module et_pb_divider_0 et_pb_space et_pb_divider_hidden\">\n<div class=\"et_pb_divider_internal\">Nuestros reclutadores dedicados le ayudar\u00e1n con la inscripci\u00f3n, la contrataci\u00f3n, la entrevista con su futuro empleador, y con el empleo.<\/div>\n<div><a href=\"https:\/\/norint.pl\/es\/recruitment-nurses\/\">leer m\u00e1s \u2026<\/a><\/div>\n<\/div><\/div><\/div><\/div>[\/vc_column][vc_column width=\u201d1\/3\u2033]<div class=\"ult-animation  ult-animate-viewport  ult-no-mobile \" data-animate=\"bounceInLeft\" data-animation-delay=\"0\" data-animation-duration=\"2\" data-animation-iteration=\"1\" style=\"opacity:0;\" data-opacity_start_effect=\"\"><div class='dt-sc-image-caption type3 aligncenter'><div class='dt-sc-image-wrapper'><a href=\"https:\/\/norint.pl\/es\/language-course\/\" alt=\"Read More\" title=\"Read More\"><img loading=\"lazy\" decoding=\"async\" width=\"848\" height=\"565\" src=\"https:\/\/norint.pl\/es\/wp-content\/uploads\/sites\/4\/2021\/01\/language-course-2.jpg\" class=\"attachment-full\" alt=\"\" srcset=\"https:\/\/norint.pl\/es\/wp-content\/uploads\/sites\/4\/2021\/01\/language-course-2.jpg 848w, https:\/\/norint.pl\/es\/wp-content\/uploads\/sites\/4\/2021\/01\/language-course-2-300x200.jpg 300w, https:\/\/norint.pl\/es\/wp-content\/uploads\/sites\/4\/2021\/01\/language-course-2-768x512.jpg 768w\" sizes=\"auto, (max-width: 848px) 100vw, 848px\" \/><div class='icon-wrapper'><span class='zmdi zmdi-group-work zmdi-hc-fw'> <\/span><\/div><\/div><\/a><div class='dt-sc-image-content'><div class='dt-sc-image-title'><a href=\"https:\/\/norint.pl\/es\/language-course\/\" alt=\"Read More\" title=\"Read More\"><h3>CURSO DE IDIOMAS<\/h3><\/a><\/div><p>Nuestro curso intensivo y gratuito de noruego es una combinaci\u00f3n de un curso en l\u00ednea de 12 semanas y un curso presencial de 8 a 12 semanas.<\/p>\n<p><a href=\"https:\/\/norint.pl\/en\/language-course\/\">Leer m\u00e1s \u2026<\/a><\/p><\/div><\/div><\/div>[\/vc_column][vc_column width=\u201d1\/3\u2033]<div class=\"ult-animation  ult-animate-viewport  ult-no-mobile \" data-animate=\"bounceInLeft\" data-animation-delay=\"0\" data-animation-duration=\"2\" data-animation-iteration=\"1\" style=\"opacity:0;\" data-opacity_start_effect=\"\"><div class='dt-sc-image-caption type3 aligncenter'><div class='dt-sc-image-wrapper'><a href=\"https:\/\/norint.pl\/es\/employment-nurses\/\" alt=\"EMPLOYMENT \u2013 Nurses\" title=\"EMPLOYMENT \u2013 Nurses\"><img loading=\"lazy\" decoding=\"async\" width=\"2560\" height=\"1700\" src=\"https:\/\/norint.pl\/es\/wp-content\/uploads\/sites\/4\/2021\/01\/employment-scaled-1.jpg\" class=\"attachment-full\" alt=\"\" srcset=\"https:\/\/norint.pl\/es\/wp-content\/uploads\/sites\/4\/2021\/01\/employment-scaled-1.jpg 2560w, https:\/\/norint.pl\/es\/wp-content\/uploads\/sites\/4\/2021\/01\/employment-scaled-1-300x199.jpg 300w, https:\/\/norint.pl\/es\/wp-content\/uploads\/sites\/4\/2021\/01\/employment-scaled-1-1024x680.jpg 1024w, https:\/\/norint.pl\/es\/wp-content\/uploads\/sites\/4\/2021\/01\/employment-scaled-1-768x510.jpg 768w, https:\/\/norint.pl\/es\/wp-content\/uploads\/sites\/4\/2021\/01\/employment-scaled-1-1536x1020.jpg 1536w, https:\/\/norint.pl\/es\/wp-content\/uploads\/sites\/4\/2021\/01\/employment-scaled-1-2048x1360.jpg 2048w\" sizes=\"auto, (max-width: 2560px) 100vw, 2560px\" \/><div class='icon-wrapper'><span class='zmdi zmdi-thumb-up zmdi-hc-fw'> <\/span><\/div><\/div><\/a><div class='dt-sc-image-content'><div class='dt-sc-image-title'><a href=\"https:\/\/norint.pl\/es\/employment-nurses\/\" alt=\"EMPLOYMENT \u2013 Nurses\" title=\"EMPLOYMENT \u2013 Nurses\"><h3>Empleo<\/h3><\/a><\/div><p>Nuestro equipo en Noruega le ayuda con todo el papeleo necesario, el alojamiento y el seguimiento de su progreso en su nuevo empleo.<\/p>\n<p><a href=\"https:\/\/norint.pl\/es\/employment-nurses\/\">Leer m\u00e1s \u2026<\/a><\/p><\/div><\/div><\/div>[\/vc_column][\/vc_row][vc_row][vc_column][vc_text_separator title=\u201d\u201d i_color=\u201dcustom\u201d color=\u201dcustom\u201d style=\u201ddouble\u201d add_icon=\u201dtrue\u201d accent_color=\u201d#ff0000\u2033 i_custom_color=\u201d#ff0000\u2033][\/vc_column][\/vc_row][vc_row][vc_column]<div class=\"ult-animation  ult-animate-viewport  ult-no-mobile \" data-animate=\"bounceInLeft\" data-animation-delay=\"0\" data-animation-duration=\"2\" data-animation-iteration=\"1\" style=\"opacity:0;\" data-opacity_start_effect=\"\"><div class='dt-sc-title script-with-sub-title '><h2>Nuestra oferta <strong>incluye<strong><\/h2><h3><\/h3><\/div><\/div>[\/vc_column][vc_column width=\u201d1\/2\u2033]<div class=\"ult-animation  ult-animate-viewport  ult-no-mobile \" data-animate=\"bounceInLeft\" data-animation-delay=\"0\" data-animation-duration=\"2\" data-animation-iteration=\"1\" style=\"opacity:0;\" data-opacity_start_effect=\"\">\u00a0<\/strong><\/strong><\/p>\n<ul class='dt-sc-fancy-list  red  rounded-tick'>\n<li>Curso intensivo de idiomas online gratuito (0-A2).<\/li>\n<li>Curso intensivo de idiomas presencial gratuito (A2-B1) Incluye: alojamiento, comida, material did\u00e1ctico.<\/li>\n<li>Solicitud y preparaci\u00f3n de la autorizaci\u00f3n noruega para trabajar como enfermero\/a.<\/li>\n<li>Traducci\u00f3n de todos los documentos necesarios para trabajar como enfermero\/a en Noruega.<\/li>\n<li>Dispondr\u00e1 de un equipo de apoyo especializado que le ayudar\u00e1 desde la primera entrevista hasta su primer d\u00eda de trabajo y m\u00e1s all\u00e1.<\/li>\n<li>Curso de idiomas online gratuito en Noruega durante el primer a\u00f1o organizado por su empresa<\/li>\n<\/ul><\/div>[\/vc_column][vc_column width=\u201d1\/2\u2033]<div class=\"ult-animation  ult-animate-viewport  ult-no-mobile \" data-animate=\"bounceInLeft\" data-animation-delay=\"0\" data-animation-duration=\"2\" data-animation-iteration=\"1\" style=\"opacity:0;\" data-opacity_start_effect=\"\"><ul class='dt-sc-fancy-list  red  rounded-tick'>\n<li>Le ayudamos a encontrar un piso cerca de su lugar de trabajo a un precio fijo (electricidad, gas, agua y WiFi incluidos).<\/li>\n<li>Le ayudamos en cuestiones pr\u00e1cticas, como sacar n\u00famero de la seguridad social, abrir cuentas bancarias, etc.<\/li>\n<li>Podemos ayudar a su c\u00f3nyuge con la b\u00fasqueda de empleo cerca de su lugar de trabajo.<\/li>\n<\/ul><\/div>[\/vc_column][\/vc_row][vc_row][vc_column]<div class=\"ult-spacer spacer-69fb61a1599b5\" data-id=\"69fb61a1599b5\" data-height=\"30\" data-height-mobile=\"10\" data-height-tab=\"10\" data-height-tab-portrait=\"10\" data-height-mobile-landscape=\"10\" style=\"clear:both;display:block;\"><\/div>[vc_text_separator title=\u201d\u201d i_color=\u201dcustom\u201d color=\u201dcustom\u201d style=\u201ddouble\u201d add_icon=\u201dtrue\u201d accent_color=\u201d#ff0000\u2033 i_custom_color=\u201d#ff0000\u2033][\/vc_column][\/vc_row][vc_row][vc_column width=\u201d1\/2\u2033]<div class=\"ult-animation  ult-animate-viewport  ult-no-mobile \" data-animate=\"bounceInLeft\" data-animation-delay=\"0\" data-animation-duration=\"2\" data-animation-iteration=\"1\" style=\"opacity:0;\" data-opacity_start_effect=\"\"><div class='dt-sc-title script-with-sub-title '><h2><\/h2><h3>\u00bfQuiere saber m\u00e1s? Rellene nuestro formulario de contacto y uno de nuestros reclutadores le llamar\u00e1.<\/h3><\/div>\n<div class=\"wpcf7 no-js\" id=\"wpcf7-f555-o1\" lang=\"en-US\" dir=\"ltr\" data-wpcf7-id=\"555\">\n<div class=\"screen-reader-response\"><p role=\"status\" aria-live=\"polite\" aria-atomic=\"true\"><\/p> <ul><\/ul><\/div>\n<form action=\"\/es\/wp-json\/wp\/v2\/pages\/499#wpcf7-f555-o1\" method=\"post\" class=\"wpcf7-form init\" aria-label=\"Contact form\" enctype=\"multipart\/form-data\" novalidate=\"novalidate\" data-status=\"init\">\n<fieldset class=\"hidden-fields-container\"><input type=\"hidden\" name=\"_wpcf7\" value=\"555\" \/><input type=\"hidden\" name=\"_wpcf7_version\" value=\"6.1.5\" \/><input type=\"hidden\" name=\"_wpcf7_locale\" value=\"en_US\" \/><input type=\"hidden\" name=\"_wpcf7_unit_tag\" value=\"wpcf7-f555-o1\" \/><input type=\"hidden\" name=\"_wpcf7_container_post\" value=\"0\" \/><input type=\"hidden\" name=\"_wpcf7_posted_data_hash\" value=\"\" \/>\n<\/fieldset>\n<p><label> Nombre y apellido<br \/>\n<span class=\"wpcf7-form-control-wrap\" data-name=\"your-name\"><input size=\"40\" maxlength=\"400\" class=\"wpcf7-form-control wpcf7-text wpcf7-validates-as-required\" aria-required=\"true\" aria-invalid=\"false\" value=\"\" type=\"text\" name=\"your-name\" \/><\/span> <\/label>\n<\/p>\n<p><label> Correo electr\u00f3nico<br \/>\n<span class=\"wpcf7-form-control-wrap\" data-name=\"your-email\"><input size=\"40\" maxlength=\"400\" class=\"wpcf7-form-control wpcf7-email wpcf7-validates-as-required wpcf7-text wpcf7-validates-as-email\" aria-required=\"true\" aria-invalid=\"false\" value=\"\" type=\"email\" name=\"your-email\" \/><\/span> <\/label>\n<\/p>\n<p><label> Asunto<br \/>\n<span class=\"wpcf7-form-control-wrap\" data-name=\"your-subject\"><input size=\"40\" maxlength=\"400\" class=\"wpcf7-form-control wpcf7-text wpcf7-validates-as-required\" aria-required=\"true\" aria-invalid=\"false\" value=\"\" type=\"text\" name=\"your-subject\" \/><\/span> <\/label>\n<\/p>\n<p><label> Mensaje (opcional)<br \/>\n<span class=\"wpcf7-form-control-wrap\" data-name=\"your-message\"><textarea cols=\"40\" rows=\"10\" maxlength=\"2000\" class=\"wpcf7-form-control wpcf7-textarea\" aria-invalid=\"false\" name=\"your-message\"><\/textarea><\/span> <\/label>\n<\/p>\n<p><span class=\"wpcf7-form-control-wrap\" data-name=\"CV\"><input size=\"40\" class=\"wpcf7-form-control wpcf7-file\" accept=\"audio\/*,video\/*,image\/*\" aria-invalid=\"false\" type=\"file\" name=\"CV\" \/><\/span>\n<\/p>\n<p><span class=\"wpcf7-form-control-wrap\" data-name=\"acceptance-899\"><span class=\"wpcf7-form-control wpcf7-acceptance\"><span class=\"wpcf7-list-item\"><label><input type=\"checkbox\" name=\"acceptance-899\" value=\"1\" aria-invalid=\"false\" \/><span class=\"wpcf7-list-item-label\">I consent to the processing of my personal data in accordance with the Personal Data Protection Act by Norint Sp. z o.o., in connection with sending an inquiry via the contact form and data contained in the application documents for the purpose of conducting the recruitment procedure. The following consent to the processing of your personal data is voluntary, but necessary for us to process the inquiry and consider your application. I have been informed that I have the right to access my data, the possibility of correcting it, and requesting the cessation of its processing. The administrator of personal data is: Norint Sp. z o.o., with its registered office at Mizerna 16, 34-440 Kluszkowce, tax identification number NIP: 7352871737. We invite you to read the detailed information on the privacy policy and the rules of our website: https:\/\/norint.pl\/en\/privacy-policy\/<\/span><\/label><\/span><\/span><\/span>\n<\/p>\n<p><input class=\"wpcf7-form-control wpcf7-submit has-spinner\" type=\"submit\" value=\"Submit\" \/>\n<\/p><p style=\"display: none !important;\" class=\"akismet-fields-container\" data-prefix=\"_wpcf7_ak_\"><label>\u0394<textarea name=\"_wpcf7_ak_hp_textarea\" cols=\"45\" rows=\"8\" maxlength=\"100\"><\/textarea><\/label><input type=\"hidden\" id=\"ak_js_1\" name=\"_wpcf7_ak_js\" value=\"3\"\/><script type=\"text\/javascript\">\n\/* <![CDATA[ *\/\ndocument.getElementById( \"ak_js_1\" ).setAttribute( \"value\", ( new Date() ).getTime() );\n\/* ]]> *\/\n<\/script>\n<\/p><div class=\"wpcf7-response-output\" aria-hidden=\"true\"><\/div>\n<\/form>\n<\/div>\n<\/div>[\/vc_column][vc_column width=\u201d1\/2\u2033][vc_single_image image=\u201d558\u2033 img_size=\u201dlarge\u201d][\/vc_column][\/vc_row][vc_row][vc_column]<div class=\"ult-spacer spacer-69fb61a15a3d0\" data-id=\"69fb61a15a3d0\" data-height=\"20\" data-height-mobile=\"20\" data-height-tab=\"20\" data-height-tab-portrait=\"\" data-height-mobile-landscape=\"\" style=\"clear:both;display:block;\"><\/div>[\/vc_column][\/vc_row]\n","protected":false},"excerpt":{"rendered":"<p>[vc_row][vc_column][vc_column_text][\/vc_column_text][\/vc_column][\/vc_row][vc_row][vc_column width=\u201d1\/2\u2033][\/vc_column][vc_column width=\u201d1\/2\u2033][\/vc_column][\/vc_row][vc_row][vc_column][vc_text_separator title=\u201d\u201d i_color=\u201dcustom\u201d color=\u201dcustom\u201d style=\u201ddouble\u201d add_icon=\u201dtrue\u201d accent_color=\u201d#ff0000\u2033 i_custom_color=\u201d#ff0000\u2033][\/vc_column][\/vc_row][vc_row css_animation=\u201dfadeInLeft\u201d][vc_column width=\u201d1\/3\u2033][\/vc_column][vc_column width=\u201d1\/3\u2033][\/vc_column][vc_column width=\u201d1\/3\u2033][\/vc_column][\/vc_row][vc_row][vc_column][vc_text_separator title=\u201d\u201d i_color=\u201dcustom\u201d color=\u201dcustom\u201d style=\u201ddouble\u201d add_icon=\u201dtrue\u201d accent_color=\u201d#ff0000\u2033 i_custom_color=\u201d#ff0000\u2033][\/vc_column][\/vc_row][vc_row][vc_column][\/vc_column][vc_column width=\u201d1\/2\u2033][\/vc_column][vc_column width=\u201d1\/2\u2033][\/vc_column][\/vc_row][vc_row][vc_column][vc_text_separator title=\u201d\u201d i_color=\u201dcustom\u201d color=\u201dcustom\u201d style=\u201ddouble\u201d add_icon=\u201dtrue\u201d accent_color=\u201d#ff0000\u2033 i_custom_color=\u201d#ff0000\u2033][\/vc_column][\/vc_row][vc_row][vc_column width=\u201d1\/2\u2033][\/vc_column][vc_column width=\u201d1\/2\u2033][vc_single_image image=\u201d558\u2033 img_size=\u201dlarge\u201d][\/vc_column][\/vc_row][vc_row][vc_column][\/vc_column][\/vc_row]<\/p>\n","protected":false},"author":1,"featured_media":0,"parent":0,"menu_order":0,"comment_status":"closed","ping_status":"closed","template":"","meta":{"footnotes":""},"class_list":["post-499","page","type-page","status-publish","hentry"],"_links":{"self":[{"href":"https:\/\/norint.pl\/es\/wp-json\/wp\/v2\/pages\/499","targetHints":{"allow":["GET"]}}],"collection":[{"href":"https:\/\/norint.pl\/es\/wp-json\/wp\/v2\/pages"}],"about":[{"href":"https:\/\/norint.pl\/es\/wp-json\/wp\/v2\/types\/page"}],"author":[{"embeddable":true,"href":"https:\/\/norint.pl\/es\/wp-json\/wp\/v2\/users\/1"}],"replies":[{"embeddable":true,"href":"https:\/\/norint.pl\/es\/wp-json\/wp\/v2\/comments?post=499"}],"version-history":[{"count":7,"href":"https:\/\/norint.pl\/es\/wp-json\/wp\/v2\/pages\/499\/revisions"}],"predecessor-version":[{"id":1155,"href":"https:\/\/norint.pl\/es\/wp-json\/wp\/v2\/pages\/499\/revisions\/1155"}],"wp:attachment":[{"href":"https:\/\/norint.pl\/es\/wp-json\/wp\/v2\/media?parent=499"}],"curies":[{"name":"wp","href":"https:\/\/api.w.org\/{rel}","templated":true}]}}